{"id":159,"date":"2018-05-15T15:48:32","date_gmt":"2018-05-15T20:48:32","guid":{"rendered":"http:\/\/cubo.us.tempcloudsite.com\/?page_id=159"},"modified":"2018-06-25T16:31:33","modified_gmt":"2018-06-25T21:31:33","slug":"politicas-de-privacidad","status":"publish","type":"page","link":"https:\/\/proyectosgreen.tk\/movimientoome\/politicas-de-privacidad\/","title":{"rendered":"Pol\u00edticas de Privacidad"},"content":{"rendered":"<p>Este es el sitio web de <b>GREEN HACEMOS MARKETING SAS<\/b>.\u00a0Le agradecemos su acceso o uso de este sitio web (\u201cEl sitio\u201d).<\/p>\n<p>Este sitio web y sus canales asociados, son un trabajo en conjunto de Ki Mercadeo y Desarrollo Web, Hazleyenda.com y GREEN Hacemos Marketing SAS.<\/p>\n<p>Nuestras oficinas est\u00e1n ubicadas en Bogot\u00e1 D.C, Colombia.\u00a0Nos puede contactar por correo electr\u00f3nico, escribiendo a privacidad@hacemosmarketing.co.<\/p>\n<p>La siguiente Pol\u00edtica de Confidencialidad describe el compromiso de GREEN HACEMOS MARKETING SAS para proteger sus datos personales.<\/p>\n<p>Esta Pol\u00edtica de Confidencialidad tambi\u00e9n explica los pasos que GREEN HACEMOS MARKETING SAS ha tomado para asegurar la seguridad de sus datos personales. Por \u00faltimo, esta Pol\u00edtica de Confidencialidad explica sus opciones sobre la recopilaci\u00f3n, el uso y la divulgaci\u00f3n de sus datos personales.<\/p>\n<p>TENGA EN CUENTA QUE GREEN HACEMOS MARKETING SAS NO SE RESPONSABILIZA POR EL CONTENIDO O LAS PR\u00c1CTICAS DE CONFIDENCIALIDAD DE NING\u00daN SITIO QUE NO SEA DE GREEN HACEMOS MARKETING SAS Y AL CUAL ESTE SITIO TENGA ENLACES.<\/p>\n<p><strong>RECOPILACI\u00d3N Y USO DE LA INFORMACI\u00d3N.<\/strong><\/p>\n<p>Nuestro servidor no reconoce autom\u00e1ticamente ninguna informaci\u00f3n sobre el dominio o direcci\u00f3n de correo electr\u00f3nico o datos personales de los visitantes a nuestro sitio web. Recopilamos solamente la informaci\u00f3n provista voluntariamente por los visitantes como las direcciones de correo electr\u00f3nico o el n\u00famero de tel\u00e9fono de quienes que se comunican con nosotros v\u00eda e-mail, encuestas, redes sociales o mediante nuestro formulario de contacto o registro.<\/p>\n<p>Nuestro sitio compila informaci\u00f3n referente a las p\u00e1ginas visitadas por nuestros usuarios, el acceso de los visitantes a nuestras diferentes secciones, informaci\u00f3n espec\u00edfica de contenidos visitados y el tiempo de estad\u00eda en esas p\u00e1ginas.<\/p>\n<p>La informaci\u00f3n que recogemos se utiliza para mejorar el material de nuestro sitio web, facilitar transacciones usuales en el sitio web, ayudar a los visitantes a acceder a informaci\u00f3n de manera m\u00e1s \u00e1gil, avisar a los visitantes sobre actualizaciones y novedades en los servicios,\u00a0 contactar a los clientes potenciales y reales con fines de mercadeo, cumplir el objeto de las transacciones comerciales y negocios jur\u00eddicos surgidos por las interacciones de nuestros clientes en el sitio web o sus redes asociadas, verificar o garantizar el cumplimiento de las pol\u00edticas que rigen las leyes aplicables a nuestro sitio web, prevenir el mal uso o uso no autorizado de nuestro sitio web y\/o brindarla a las autoridades gubernamentales cuando as\u00ed lo exijan durante la realizaci\u00f3n de una investigaci\u00f3n.<\/p>\n<p>Es obligaci\u00f3n de los usuarios del sitio web garantizar que los datos aportados son verdaderos, exactos, completos y actualizados, siendo cada uno responsable de cualquier da\u00f1o o perjuicio, directo o indirecto, que pudiera ocasionarse como consecuencia del incumplimiento de tal obligaci\u00f3n. En el caso de que los datos aportados pertenecieran a un tercero, el usuario esta obligado a garantizar que ha informado a dicho tercero de los aspectos contenidos en este documento y que ha obtenido la correspondiente autorizaci\u00f3n para facilitar sus datos a Hazleyenda.com, Ki Mercadeo y Desarrollo Web, Cubo Dise\u00f1o y Publicidad SAS o sus aliados para los fines se\u00f1alados.<\/p>\n<p>Respecto de los datos personales solicitados a trav\u00e9s de los formularios habilitados al efecto en el Sitio Web, ser\u00e1 necesario que el usuario aporte, al menos, aquellos marcados con un asterisco, ya que, si no se suministraran estos datos considerados necesarios, no podremos aceptar y gestionar la solicitud, pedido o consulta formulada por usted en el Sitio Web.<\/p>\n<p>Si no desea recibir mensajes de nosotros en el futuro, por favor h\u00e1ganoslo saber dejando su correo electr\u00f3nico y n\u00famero celular\u00a0<a title=\"Desuscribase\" href=\"http:\/\/cubograf.com\/coworking\/desuscribase\/\" target=\"_blank\" rel=\"noopener\">en esta p\u00e1gina<\/a>.<\/p>\n<p>Si usted nos proporciona su direcci\u00f3n postal, solamente ser\u00e1 usada para enviar la informaci\u00f3n y los productos que usted nos haya solicitado. Las personas que nos provean de sus n\u00fameros de tel\u00e9fono en l\u00ednea recibir\u00e1n contacto telef\u00f3nico de nuestra parte con la informaci\u00f3n referente a sus solicitudes y pedidos que hayan hecho en l\u00ednea, as\u00ed como actualizaciones sobre los servicios adquiridos, informaci\u00f3n relevante a nuestro sitio web y las tem\u00e1ticas ac\u00e1 desarrolladas, nuevos productos y servicios o futuros eventos. Si usted no desea recibir llamadas telef\u00f3nicas o mensajes, por favor h\u00e1ganoslo saber en la p\u00e1gina se\u00f1alada en el parrafo anterior. Por favor proporci\u00f3nenos su nombre y n\u00famero de tel\u00e9fono. Nos aseguraremos de que su nombre sea eliminado de la lista de contacto.<\/p>\n<p>Ki Mercadeo y Desarrollo Web, Hazleyenda.com y Cubo Dise\u00f1o y Publicidad SAS son compa\u00f1\u00edas especializadas en mercadeo digital y campa\u00f1as de comunicaci\u00f3n, por tanto es posible que reciba informaci\u00f3n distinta a la de estos canales, siempre que se ajuste a sus preferencias y perfil.<\/p>\n<p>Eventualmente podemos utilizar la informaci\u00f3n del cliente para nuevos usos no divulgados anteriormente en nuestras pol\u00edticas de privacidad. Si nuestro manejo de la informaci\u00f3n cambia en alg\u00fan momento en el futuro, publicaremos los cambios en las pol\u00edticas de nuestro sitio Web para informarle de estos. Si usted tiene inquietudes con respecto al uso de su informaci\u00f3n, por favor verifique nuestro sitio web peri\u00f3dicamente.<\/p>\n<p>Los clientes pueden evitar que su informaci\u00f3n sea utilizada para fines distintos de aquellos para los que se hayan recogido originalmente por correo electr\u00f3nico a la direcci\u00f3n arriba mencionada.<\/p>\n<p>No proveemos a ning\u00fan cliente de este sitio o visitante, acceso a ninguna clase de informaci\u00f3n que hayamos recogido o que conservemos en nuestro sistema de archivo. A petici\u00f3n de los clientes y visitantes es posible corregir posibles imprecisiones en la informaci\u00f3n que mantenemos sobre ellos.<\/p>\n<p>Mantenemos las medidas de seguridad adecuadas en nuestras instalaciones f\u00edsicas para prevenir la p\u00e9rdida, mal uso o alteraci\u00f3n de la informaci\u00f3n que hemos recogido de usted en nuestro sitio. Si usted siente que este sitio no est\u00e1 siguiendo estas pol\u00edticas de privacidad, puede ponerse en contacto con nosotros en las direcciones mencionadas arriba o a nuestro n\u00famero de tel\u00e9fono, que est\u00e1 expuesto en distintas secciones del sitio web.<\/p>\n<p><strong>POL\u00cdTICA DE COOKIES<\/strong><\/p>\n<ol>\n<li><strong>\u00bfQu\u00e9 son las cookies?<\/strong><\/li>\n<\/ol>\n<p>Una cookie es un peque\u00f1o fichero que se descarga en su terminal (ya sea un computador, tel\u00e9fono inteligente o tableta) cuando accede a una p\u00e1gina web y que permite al titular de la p\u00e1gina almacenar o recuperar informaci\u00f3n sobre aspectos de su navegaci\u00f3n.<\/p>\n<p>Desde Cubo Dise\u00f1o y Publicidad queremos ofrecerle la informaci\u00f3n necesaria sobre las cookies utilizadas en nuestro Sitio Web, para que usted tenga plena capacidad de decisi\u00f3n sobre el uso de las mismas y con respecto a la protecci\u00f3n de su privacidad.<\/p>\n<ol start=\"2\">\n<li><strong>\u00bfQu\u00e9 cookies utiliza este Sitio Web?<\/strong><\/li>\n<\/ol>\n<p>En este Sitio Web se utilizan cookies con la finalidad de posibilitar, personalizar y analizar la navegaci\u00f3n, mejorando la calidad de los servicios ofrecidos a trav\u00e9s de este Sitio Web.<\/p>\n<p>Las cookies utilizadas se clasifican en varias categor\u00edas, si bien una cookie puede estar incluida en m\u00e1s de una categor\u00eda:<\/p>\n<p><strong>Cookies de sesi\u00f3n:<\/strong>\u00a0son cookies temporales que no se almacenan en su terminal, sino que desaparecen cuando finaliza la sesi\u00f3n de navegaci\u00f3n.<\/p>\n<p><strong>Cookies persistentes:<\/strong>\u00a0son aqu\u00e9llas que permiten que los datos permanezcan en su terminal y puedan ser tratados m\u00e1s all\u00e1 de la finalizaci\u00f3n de la sesi\u00f3n.<\/p>\n<p><strong>Cookies propias:<\/strong>\u00a0son aqu\u00e9llas que se env\u00edan a su terminal desde nuestro Sitio Web.<\/p>\n<p><strong>Cookies de tercera parte:<\/strong>\u00a0son cookies que se env\u00edan a su terminal desde un dominio que no es gestionado por Cubo Dise\u00f1o y Publicidad, sino por otra entidad que trata los datos obtenidos a trav\u00e9s de las cookies.<\/p>\n<p>Con la finalidad de permitir diversas funcionalidades, nuestro Sitio Web utiliza cookies de\u00a0<a href=\"https:\/\/www.google.com\/intl\/es_es\/policies\/technologies\/cookies\/\">Google<\/a>\u00a0para el manejo de informaci\u00f3n de campa\u00f1as publicitarias a trav\u00e9s de su plataforma AdWords, de\u00a0<a href=\"https:\/\/www.youtube.com\/static?gl=ES&amp;template=terms&amp;hl=es\">YouTube<\/a>, Inc. para la reproducci\u00f3n de videos, de\u00a0<a href=\"https:\/\/www.facebook.com\/policies\/cookies\/\">Facebook<\/a>, para compartir y mostrar informaci\u00f3n desde su red social, as\u00ed como para el uso de su plataforma de anuncios.<\/p>\n<p><strong>Cookies t\u00e9cnicas:<\/strong>\u00a0son cookies que posibilitan la navegaci\u00f3n a trav\u00e9s de nuestro Sitio Web y la utilizaci\u00f3n de sus opciones o servicios, tales como las que permiten controlar el tr\u00e1fico y la comunicaci\u00f3n de datos, identificar la sesi\u00f3n, acceder a \u00e1reas de acceso restringido o utilizar elementos de seguridad durante la navegaci\u00f3n.<\/p>\n<p><strong>Cookies de personalizaci\u00f3n:<\/strong>\u00a0son aqu\u00e9llas, que le permiten acceder a nuestro Sitio Web con algunas caracter\u00edsticas predefinidas en funci\u00f3n de criterios tales como el idioma, el tipo de navegador o la configuraci\u00f3n regional desde donde accede al servicio.<\/p>\n<p><strong>Cookies anal\u00edticas:\u00a0<\/strong>son cookies utilizadas para el seguimiento y an\u00e1lisis del comportamiento de los usuarios. Este tipo de cookies nos permite medir la actividad en nuestro Sitio Web a trav\u00e9s de informaci\u00f3n agregada o de car\u00e1cter estad\u00edstico sobre los h\u00e1bitos de navegaci\u00f3n. En este Sitio Web se utilizan cookies anal\u00edticas, algunas de las cuales son proporcionadas por la herramienta\u00a0<a href=\"https:\/\/www.google.com\/intl\/es_es\/policies\/technologies\/cookies\">Google Analytics<\/a><strong>.<\/strong><\/p>\n<ol start=\"3\">\n<li><strong>\u00bfQui\u00e9n utiliza las cookies?<\/strong><\/li>\n<\/ol>\n<p>La informaci\u00f3n que se recaba a trav\u00e9s de las cookies descargadas desde el dominio gestionado por Cubo Dise\u00f1o y Publicidad, es utilizada por los titulares del Sitio Web, Cubo Dise\u00f1o y Publicidad y por Google Inc., en tanto prestador de los servicios de an\u00e1lisis.<\/p>\n<p>Otros terceros como YouTube, Inc., Google Inc, Facebook Inc acceden a la informaci\u00f3n recabada por las cookies gestionadas desde sus dominios. Para m\u00e1s informaci\u00f3n se recomienda acceder a los enlaces facilitados al efecto.<\/p>\n<ol start=\"4\">\n<li><strong>\u00bfC\u00f3mo puede gestionar las cookies?<\/strong><\/li>\n<\/ol>\n<p>Al visitar el Sitio Web el usuario entiende y acepta la instalaci\u00f3n de las cookies informadas en este documento.<\/p>\n<p>Si deseara retirar en cualquier momento su consentimiento en relaci\u00f3n con las cookies de nuestro Sitio Web, deber\u00e1 eliminar las cookies almacenadas en su terminal y modificar la configuraci\u00f3n de su navegador de Internet. No obstante, le informamos de que si impide la instalaci\u00f3n o elimina las cookies, algunas funcionalidades, servicios y contenidos de nuestro Sitio Web pueden verse afectados.<\/p>\n<p>Los navegadores de Internet permiten visualizar, desactivar, restringir, bloquear o eliminar las cookies. A continuaci\u00f3n se muestra c\u00f3mo puede configurar las cookies en los principales navegadores, si bien le recomendamos que consulte el Soporte o la Ayuda de su navegador para obtener informaci\u00f3n detallada y actualizada en funci\u00f3n de la versi\u00f3n de su navegador y el terminal utilizado.<\/p>\n<p>Internet Explorer Versi\u00f3n 7 y 8<br \/>\n<a href=\"http:\/\/windows.microsoft.com\/es-ES\/windows-vista\/Block-or-allow-cookies\">http:\/\/windows.microsoft.com\/es-ES\/windows-vista\/Block-or-allow-cookies<\/a><\/p>\n<p>Internet Explorer Versi\u00f3n 9<br \/>\n<a href=\"http:\/\/windows.microsoft.com\/es-ES\/windows7\/How-to-manage-cookies-in-Internet-Explorer-9\">http:\/\/windows.microsoft.com\/es-ES\/windows7\/How-to-manage-cookies-in-Internet-Explorer-9<\/a><\/p>\n<p>Safari &#x2122; (iPhone, iPad, Mac y otros dispositivos Apple)<\/p>\n<p><a href=\"http:\/\/support.apple.com\/kb\/PH5042?viewlocale=es_ES\">http:\/\/support.apple.com\/kb\/PH5042?viewlocale=es_ES<\/a>\u00a0<a href=\"http:\/\/support.apple.com\/kb\/HT1677?viewlocale=es_ES\">http:\/\/support.apple.com\/kb\/HT1677?viewlocale=es_ES<\/a><\/p>\n<p>Google&#x2122;<\/p>\n<p><a href=\"https:\/\/support.google.com\/chrome\/answer\/95647?hl=es&amp;hlrm=en\">https:\/\/support.google.com\/chrome\/answer\/95647?hl=es&amp;hlrm=en<\/a><\/p>\n<p>Firefox&#x2122;<br \/>\n<a href=\"http:\/\/support.mozilla.org\/es\/kb\/cookies-informacion-que-los-sitios-web-guardan-en-?redirectlocale=en-US&amp;redirectslug=Cookies\">http:\/\/support.mozilla.org\/es\/kb\/cookies-informacion-que-los-sitios-web-guardan-en-?redirectlocale=en-US&amp;redirectslug=Cookies<\/a><\/p>\n<p>Opera&#x2122;<br \/>\n<a href=\"http:\/\/help.opera.com\/Windows\/11.50\/es-ES\/cookies.html\">http:\/\/help.opera.com\/Windows\/11.50\/es-ES\/cookies.html<\/a><\/p>\n<p>Android<br \/>\n<a href=\"http:\/\/support.google.com\/android\/?hl=es\">http:\/\/support.google.com\/android\/?hl=es<\/a><\/p>\n<p>Windows Phone<br \/>\n<a href=\"http:\/\/www.windowsphone.com\/es-ES\/how-to\/wp7\/web\/changing-privacy-and-other-browser-settings\">http:\/\/www.windowsphone.com\/es-ES\/how-to\/wp7\/web\/changing-privacy-and-other-browser-settings<\/a><\/p>\n<p>Asimismo, le informamos de que algunos navegadores permiten activar un modo privado o inc\u00f3gnito de navegaci\u00f3n en virtud del cual las cookies se instalan en el terminal pero se eliminan de manera autom\u00e1tica cuando finaliza la sesi\u00f3n de navegaci\u00f3n.<\/p>\n<p><strong>\u00daltima actualizaci\u00f3n:<\/strong>\u00a0Mayo 15, 2018.<\/p>\n","protected":false},"excerpt":{"rendered":"<p>Este es el sitio web de GREEN HACEMOS MARKETING SAS.\u00a0Le agradecemos su acceso o uso de este sitio web (\u201cEl sitio\u201d). Este sitio web y sus canales asociados, son un trabajo en conjunto de Ki Mercadeo y Desarrollo Web, Hazleyenda.com y GREEN Hacemos Marketing SAS. Nuestras oficinas est\u00e1n ubicadas en Bogot\u00e1 D.C, Colombia.\u00a0Nos puede contactar [&hellip;]<\/p>\n","protected":false},"author":2,"featured_media":0,"parent":0,"menu_order":0,"comment_status":"closed","ping_status":"closed","template":"","meta":[],"_links":{"self":[{"href":"https:\/\/proyectosgreen.tk\/movimientoome\/wp-json\/wp\/v2\/pages\/159"}],"collection":[{"href":"https:\/\/proyectosgreen.tk\/movimientoome\/wp-json\/wp\/v2\/pages"}],"about":[{"href":"https:\/\/proyectosgreen.tk\/movimientoome\/wp-json\/wp\/v2\/types\/page"}],"author":[{"embeddable":true,"href":"https:\/\/proyectosgreen.tk\/movimientoome\/wp-json\/wp\/v2\/users\/2"}],"replies":[{"embeddable":true,"href":"https:\/\/proyectosgreen.tk\/movimientoome\/wp-json\/wp\/v2\/comments?post=159"}],"version-history":[{"count":4,"href":"https:\/\/proyectosgreen.tk\/movimientoome\/wp-json\/wp\/v2\/pages\/159\/revisions"}],"predecessor-version":[{"id":169,"href":"https:\/\/proyectosgreen.tk\/movimientoome\/wp-json\/wp\/v2\/pages\/159\/revisions\/169"}],"wp:attachment":[{"href":"https:\/\/proyectosgreen.tk\/movimientoome\/wp-json\/wp\/v2\/media?parent=159"}],"curies":[{"name":"wp","href":"https:\/\/api.w.org\/{rel}","templated":true}]}}